{"id":11,"date":"2014-06-16T17:15:20","date_gmt":"2014-06-16T17:15:20","guid":{"rendered":"http:\/\/hinterbauernhof-online.de\/?page_id=11"},"modified":"2014-06-16T20:51:30","modified_gmt":"2014-06-16T20:51:30","slug":"ueber-den-hof","status":"publish","type":"page","link":"https:\/\/hinterbauernhof-online.de\/?page_id=11","title":{"rendered":"\u00dcber den Hof"},"content":{"rendered":"<p style=\"text-align: left;\">Idylisch an einem sch\u00f6nen Bachlauf liegt unser Bioland-Hof zwischen Buchenbach und St. M\u00e4rgen in Wagensteig. Der landwirtschaftliche Familienbetrieb bietet Ihnen mit 2 Ferienwohnungen das richtige Ma\u00df an Erholung und Ruhe in herrlicher Natur.<img loading=\"lazy\" class=\"size-full wp-image-58\" alt=\"hofbilder1\" src=\"http:\/\/hinterbauernhof-online.de\/wp-content\/uploads\/2014\/06\/hofbilder11.jpg\" width=\"1000\" height=\"606\" srcset=\"https:\/\/hinterbauernhof-online.de\/wp-content\/uploads\/2014\/06\/hofbilder11.jpg 1000w, https:\/\/hinterbauernhof-online.de\/wp-content\/uploads\/2014\/06\/hofbilder11-300x181.jpg 300w, https:\/\/hinterbauernhof-online.de\/wp-content\/uploads\/2014\/06\/hofbilder11-700x424.jpg 700w\" sizes=\"(max-width: 1000px) 100vw, 1000px\" \/>Besonders Familien sind immer wieder gerne zu Gast bei uns auf dem Hinterbauernhof, denn hier k\u00f6nnen Kinder das Landleben hautnah erfahren.<br \/>\nEgal ob Sie gerne Wandern, Mountainbike fahren oder Ski-Fahrer sind, von hier aus k\u00f6nnen Sie alle M\u00f6glichkeiten eines Schwarzwald-Urlaubs genie\u00dfen. Und wenn Sie Lust haben und etwas unternehmen m\u00f6chten, erreichen Sie innerhalb k\u00fcrzester Zeit mit den \u00f6ffentlichen Verkehrsmitteln zahlreiche Ausflugsziele im Umland. Wenige Meter vom Hof entfernt befindet sich eine Bushaltestelle, von wo aus Sie bequem Ziele wie Freiburg, Titisee oder den Feldberg erreichen k\u00f6nnen.<img loading=\"lazy\" class=\"alignleft size-full wp-image-62\" alt=\"hofbilder2\" src=\"http:\/\/hinterbauernhof-online.de\/wp-content\/uploads\/2014\/06\/hofbilder21.jpg\" width=\"1000\" height=\"537\" srcset=\"https:\/\/hinterbauernhof-online.de\/wp-content\/uploads\/2014\/06\/hofbilder21.jpg 1000w, https:\/\/hinterbauernhof-online.de\/wp-content\/uploads\/2014\/06\/hofbilder21-300x161.jpg 300w, https:\/\/hinterbauernhof-online.de\/wp-content\/uploads\/2014\/06\/hofbilder21-700x375.jpg 700w\" sizes=\"(max-width: 1000px) 100vw, 1000px\" \/><\/p>\n<p><strong>Das besondere Erlebnis f\u00fcr Kinder:<br \/>\n<\/strong>Auf dem eigenen Spielplatz toben &#8211; Im Stall mithelfen &#8211; Traktorfahren (nat\u00fcrlich mit dem Bauer)\u00a0 &#8211; Am Bach spielen &#8211; Die Tiere streicheln &#8211; Je nach Jahreszeit: &#8230;bei der Obsternte helfen, &#8230;beim Kartoffelauflesen helfen, &#8230;bei der Heuernte mithelfen, &#8230;die K\u00fche von der Weide holen \u2026und vieles mehr!<img loading=\"lazy\" class=\" wp-image-64 alignnone\" alt=\"hofbilder3\" src=\"http:\/\/hinterbauernhof-online.de\/wp-content\/uploads\/2014\/06\/hofbilder3.jpg\" width=\"1000\" height=\"486\" srcset=\"https:\/\/hinterbauernhof-online.de\/wp-content\/uploads\/2014\/06\/hofbilder3.jpg 1000w, https:\/\/hinterbauernhof-online.de\/wp-content\/uploads\/2014\/06\/hofbilder3-300x145.jpg 300w, https:\/\/hinterbauernhof-online.de\/wp-content\/uploads\/2014\/06\/hofbilder3-700x340.jpg 700w\" sizes=\"(max-width: 1000px) 100vw, 1000px\" \/>Viele Tiere f\u00fchlen sich bei uns auf dem Hof wohl: Momentan leben K\u00fche, H\u00fchner, Katzen, Ziegen und ein Hund bei uns.<\/p>\n","protected":false},"excerpt":{"rendered":"<p>Idylisch an einem sch\u00f6nen Bachlauf liegt unser Bioland-Hof zwischen Buchenbach und St. M\u00e4rgen in Wagensteig. Der landwirtschaftliche Familienbetrieb bietet Ihnen mit 2 Ferienwohnungen das richtige Ma\u00df an Erholung und Ruhe in herrlicher Natur.Besonders Familien sind immer wieder gerne zu Gast bei uns auf dem Hinterbauernhof, denn hier k\u00f6nnen Kinder das Landleben hautnah erfahren. Egal ob &hellip; <a href=\"https:\/\/hinterbauernhof-online.de\/?page_id=11\" class=\"more-link\"><span class=\"screen-reader-text\">\u00dcber den Hof<\/span> weiterlesen <span class=\"meta-nav\">&rarr;<\/span><\/a><\/p>\n","protected":false},"author":1,"featured_media":0,"parent":0,"menu_order":0,"comment_status":"closed","ping_status":"closed","template":"","meta":[],"_links":{"self":[{"href":"https:\/\/hinterbauernhof-online.de\/index.php?rest_route=\/wp\/v2\/pages\/11"}],"collection":[{"href":"https:\/\/hinterbauernhof-online.de\/index.php?rest_route=\/wp\/v2\/pages"}],"about":[{"href":"https:\/\/hinterbauernhof-online.de\/index.php?rest_route=\/wp\/v2\/types\/page"}],"author":[{"embeddable":true,"href":"https:\/\/hinterbauernhof-online.de\/index.php?rest_route=\/wp\/v2\/users\/1"}],"replies":[{"embeddable":true,"href":"https:\/\/hinterbauernhof-online.de\/index.php?rest_route=%2Fwp%2Fv2%2Fcomments&post=11"}],"version-history":[{"count":35,"href":"https:\/\/hinterbauernhof-online.de\/index.php?rest_route=\/wp\/v2\/pages\/11\/revisions"}],"predecessor-version":[{"id":38,"href":"https:\/\/hinterbauernhof-online.de\/index.php?rest_route=\/wp\/v2\/pages\/11\/revisions\/38"}],"wp:attachment":[{"href":"https:\/\/hinterbauernhof-online.de\/index.php?rest_route=%2Fwp%2Fv2%2Fmedia&parent=11"}],"curies":[{"name":"wp","href":"https:\/\/api.w.org\/{rel}","templated":true}]}}