{"id":15,"date":"2014-06-16T17:16:01","date_gmt":"2014-06-16T17:16:01","guid":{"rendered":"http:\/\/hinterbauernhof-online.de\/?page_id=15"},"modified":"2014-06-17T10:38:12","modified_gmt":"2014-06-17T10:38:12","slug":"anfahrt","status":"publish","type":"page","link":"https:\/\/hinterbauernhof-online.de\/?page_id=15","title":{"rendered":"Anfahrt"},"content":{"rendered":"<p><strong>Familie Konrad Schuler<br \/>\nSchweigbrunnenstr. 2<br \/>\n79256 Buchenbach<br \/>\nTelefon: 07661 980331<\/strong><\/p>\n<p><strong>Aus der Richtung A5\/Freiburg:<br \/>\n<\/strong>Richtung Donaueschingen\/B31, dann Ausfahrt<br \/>\nHimmelreich\/Buchenbach, rechts abbiegen und durch<br \/>\nBuchenbach durchfahren, an Wagensteig vorbei,<br \/>\nca. 2 km weiterfahren, dann rechts abbiegen,<br \/>\nSie fahren dann gleich \u00fcber eine kleine Br\u00fccke<br \/>\nin die Schweigbrunnenstra\u00dfe. Dann nehmen Sie die<br \/>\nerste Einfahrt rechts und Sie haben uns gefunden.<\/p>\n<p><strong>Aus der Richtung A81\/Donaueschingen:<\/strong><b><br \/>\n<\/b>Von der A 81 nehmen Sie die Abfahrt Freiburg, fahren weiter<br \/>\nin Richtung Freiburg auf die B 31, fahren an Titisee-Neustadt<br \/>\nund Hinterzarten vorbei, durch das H\u00f6llental und Falkensteig und<br \/>\nnehmen dann die Ausfahrt Buchenbach\/Himmelreich. Dann fahren Sie<br \/>\nwie oben beschrieben aus Richtung Freiburg weiter.<\/p>\n<div id=\"lmm_846fb7fe\" style=\"width:100%;\" class=\"mapsmarker markermap marker-1\">\n<div id=\"lmm_panel_846fb7fe\" class=\"lmm-panel\" style=\"background:#ffd58e;\">\n<div id=\"lmm_panel_api_846fb7fe\" class=\"lmm-panel-api\"><a href=\"https:\/\/maps.google.com\/maps?daddr=Schweigbrunnenstra%C3%9Fe+2%2C+Buchenbach%2C+Deutschland&amp;t=m&amp;layer=1&amp;doflg=ptk&amp;om=0\" target=\"_blank\" title=\"Wegbeschreibung berechnen\"><img alt=\"icon-car.png\" src=\"https:\/\/hinterbauernhof-online.de\/wp-content\/plugins\/leaflet-maps-marker\/inc\/img\/icon-car.png\" width=\"14\" height=\"14\" class=\"lmm-panel-api-images\" \/><\/a><a href=\"https:\/\/hinterbauernhof-online.de\/wp-content\/plugins\/leaflet-maps-marker\/leaflet-fullscreen.php?marker=1\" style=\"text-decoration:none;\" title=\"Standalone-Karte im Vollbild-Modus \u00f6ffnen\" target=\"_blank\"><img src=\"https:\/\/hinterbauernhof-online.de\/wp-content\/plugins\/leaflet-maps-marker\/inc\/img\/icon-fullscreen.png\" width=\"14\" height=\"14\" alt=\"Fullscreen-Logo\" class=\"lmm-panel-api-images\" \/><\/a><\/div><div id=\"lmm_panel_text_846fb7fe\" class=\"lmm-panel-text\" style=\"font-weight:bold;color:#373737;\">Hinterbauernhof, Schweigbrunnenstra\u00dfe 2, Buchenbach<\/div><\/div>\n<div id=\"lmm_map_846fb7fe\" class=\"lmm-map\" style=\"background:#f6f6f6;border:1px solid #ccc;height:600px; overflow:hidden;padding:0;\"><p style=\"font-size:80%;color:#9f9e9e;margin-left:5px;\">Karte wird geladen - bitte warten...<noscript><br\/><strong>Karte konnte nicht geladen werden - bitte aktivieren Sie Javascript!<\/strong><br\/><a style=\"text-decoration:none;\" href=\"https:\/\/www.mapsmarker.com\/js-disabled\" target=\"_blank\">&rarr; mehr Informationen<\/a><\/noscript><\/p><\/div>\n<div id=\"lmm_geo_tags_846fb7fe\" class=\"lmm-geo-tags geo\">\n<span class=\"paneltext\">Hinterbauernhof, Schweigbrunnenstra\u00dfe 2, Buchenbach<\/span>\n<span class=\"latitude\">47.995270<\/span>, <span class=\"longitude\">8.063330<\/span>\n<span class=\"popuptext\">Hinterbauernhof Telefon: 07661-980331<\/span>\n<\/div>\n<\/div>\n","protected":false},"excerpt":{"rendered":"<p>Familie Konrad Schuler Schweigbrunnenstr. 2 79256 Buchenbach Telefon: 07661 980331 Aus der Richtung A5\/Freiburg: Richtung Donaueschingen\/B31, dann Ausfahrt Himmelreich\/Buchenbach, rechts abbiegen und durch Buchenbach durchfahren, an Wagensteig vorbei, ca. 2 km weiterfahren, dann rechts abbiegen, Sie fahren dann gleich \u00fcber eine kleine Br\u00fccke in die Schweigbrunnenstra\u00dfe. Dann nehmen Sie die erste Einfahrt rechts und Sie &hellip; <a href=\"https:\/\/hinterbauernhof-online.de\/?page_id=15\" class=\"more-link\"><span class=\"screen-reader-text\">Anfahrt<\/span> weiterlesen <span class=\"meta-nav\">&rarr;<\/span><\/a><\/p>\n","protected":false},"author":1,"featured_media":0,"parent":0,"menu_order":0,"comment_status":"closed","ping_status":"closed","template":"","meta":[],"_links":{"self":[{"href":"https:\/\/hinterbauernhof-online.de\/index.php?rest_route=\/wp\/v2\/pages\/15"}],"collection":[{"href":"https:\/\/hinterbauernhof-online.de\/index.php?rest_route=\/wp\/v2\/pages"}],"about":[{"href":"https:\/\/hinterbauernhof-online.de\/index.php?rest_route=\/wp\/v2\/types\/page"}],"author":[{"embeddable":true,"href":"https:\/\/hinterbauernhof-online.de\/index.php?rest_route=\/wp\/v2\/users\/1"}],"replies":[{"embeddable":true,"href":"https:\/\/hinterbauernhof-online.de\/index.php?rest_route=%2Fwp%2Fv2%2Fcomments&post=15"}],"version-history":[{"count":19,"href":"https:\/\/hinterbauernhof-online.de\/index.php?rest_route=\/wp\/v2\/pages\/15\/revisions"}],"predecessor-version":[{"id":161,"href":"https:\/\/hinterbauernhof-online.de\/index.php?rest_route=\/wp\/v2\/pages\/15\/revisions\/161"}],"wp:attachment":[{"href":"https:\/\/hinterbauernhof-online.de\/index.php?rest_route=%2Fwp%2Fv2%2Fmedia&parent=15"}],"curies":[{"name":"wp","href":"https:\/\/api.w.org\/{rel}","templated":true}]}}