{"id":7,"date":"2014-06-16T17:14:03","date_gmt":"2014-06-16T17:14:03","guid":{"rendered":"http:\/\/hinterbauernhof-online.de\/?page_id=7"},"modified":"2026-04-15T14:01:53","modified_gmt":"2026-04-15T14:01:53","slug":"ferienwohnungen","status":"publish","type":"page","link":"https:\/\/hinterbauernhof-online.de\/?page_id=7","title":{"rendered":"Ferienwohnung"},"content":{"rendered":"<p><strong>Moderne 3-Sterne-Ferienwohnung <strong> f\u00fcr 2-6 Personen<\/strong> <strong>(80m\u00b2) <\/strong>im neuen Hofgeb\u00e4udeteil:<\/strong><\/p>\n<ul>\n<li>3 Schlafzimmer, Wohn-K\u00fcche, Badezimmer mit Dusche und WC, Balkon<\/li>\n<li>Preis pro \u00dcbernachtung: 44 \u20ac f\u00fcr 2 Personen, jede weitere Person 6 \u20ac<\/li>\n<li>Bettw\u00e4sche und Handt\u00fccher sind inklusive ab einer Buchung von 4 \u00dcbernachtungen<\/li>\n<\/ul>\n<p><strong><img loading=\"lazy\" class=\"alignleft size-full wp-image-85\" src=\"http:\/\/hinterbauernhof-online.de\/wp-content\/uploads\/2014\/06\/FerienwohnungGro\u00df.jpg\" alt=\"FerienwohnungGro\u00df\" width=\"1000\" height=\"657\" srcset=\"https:\/\/hinterbauernhof-online.de\/wp-content\/uploads\/2014\/06\/FerienwohnungGro\u00df.jpg 1000w, https:\/\/hinterbauernhof-online.de\/wp-content\/uploads\/2014\/06\/FerienwohnungGro\u00df-300x197.jpg 300w, https:\/\/hinterbauernhof-online.de\/wp-content\/uploads\/2014\/06\/FerienwohnungGro\u00df-700x459.jpg 700w\" sizes=\"(max-width: 1000px) 100vw, 1000px\" \/>Weitere Infos:<br \/>\n<\/strong><\/p>\n<ul>\n<li>Mit dem <a href=\"http:\/\/www.schwarzwald-tourismus.info\/service\/konus\" target=\"_blank\" rel=\"noopener\">Konussystem<\/a> nutzen Sie Bus und Bahn in der Region kostenlos!<\/li>\n<li>Genie\u00dfen Sie hofeigene Produkte wie knuspriges Bauernbrot aus dem Holzofen, frische Milch, leckere Eier und saisonale Gartenfr\u00fcchte<\/li>\n<\/ul>\n","protected":false},"excerpt":{"rendered":"<p>Moderne 3-Sterne-Ferienwohnung f\u00fcr 2-6 Personen (80m\u00b2) im neuen Hofgeb\u00e4udeteil: 3 Schlafzimmer, Wohn-K\u00fcche, Badezimmer mit Dusche und WC, Balkon Preis pro \u00dcbernachtung: 44 \u20ac f\u00fcr 2 Personen, jede weitere Person 6 \u20ac Bettw\u00e4sche und Handt\u00fccher sind inklusive ab einer Buchung von 4 \u00dcbernachtungen Weitere Infos: Mit dem Konussystem nutzen Sie Bus und Bahn in der Region &hellip; <a href=\"https:\/\/hinterbauernhof-online.de\/?page_id=7\" class=\"more-link\"><span class=\"screen-reader-text\">Ferienwohnung<\/span> weiterlesen <span class=\"meta-nav\">&rarr;<\/span><\/a><\/p>\n","protected":false},"author":1,"featured_media":0,"parent":0,"menu_order":0,"comment_status":"closed","ping_status":"closed","template":"","meta":[],"_links":{"self":[{"href":"https:\/\/hinterbauernhof-online.de\/index.php?rest_route=\/wp\/v2\/pages\/7"}],"collection":[{"href":"https:\/\/hinterbauernhof-online.de\/index.php?rest_route=\/wp\/v2\/pages"}],"about":[{"href":"https:\/\/hinterbauernhof-online.de\/index.php?rest_route=\/wp\/v2\/types\/page"}],"author":[{"embeddable":true,"href":"https:\/\/hinterbauernhof-online.de\/index.php?rest_route=\/wp\/v2\/users\/1"}],"replies":[{"embeddable":true,"href":"https:\/\/hinterbauernhof-online.de\/index.php?rest_route=%2Fwp%2Fv2%2Fcomments&post=7"}],"version-history":[{"count":24,"href":"https:\/\/hinterbauernhof-online.de\/index.php?rest_route=\/wp\/v2\/pages\/7\/revisions"}],"predecessor-version":[{"id":185,"href":"https:\/\/hinterbauernhof-online.de\/index.php?rest_route=\/wp\/v2\/pages\/7\/revisions\/185"}],"wp:attachment":[{"href":"https:\/\/hinterbauernhof-online.de\/index.php?rest_route=%2Fwp%2Fv2%2Fmedia&parent=7"}],"curies":[{"name":"wp","href":"https:\/\/api.w.org\/{rel}","templated":true}]}}