{"id":9,"date":"2014-06-16T17:14:47","date_gmt":"2014-06-16T17:14:47","guid":{"rendered":"http:\/\/hinterbauernhof-online.de\/?page_id=9"},"modified":"2014-06-21T08:25:42","modified_gmt":"2014-06-21T08:25:42","slug":"ausflugsziele","status":"publish","type":"page","link":"https:\/\/hinterbauernhof-online.de\/?page_id=9","title":{"rendered":"Ausflugsziele"},"content":{"rendered":"<p><img loading=\"lazy\" class=\"wp-image-95 alignnone\" alt=\"Bachlauf\" src=\"http:\/\/hinterbauernhof-online.de\/wp-content\/uploads\/2014\/06\/Bachlauf.jpg\" width=\"1000\" height=\"259\" srcset=\"https:\/\/hinterbauernhof-online.de\/wp-content\/uploads\/2014\/06\/Bachlauf.jpg 1000w, https:\/\/hinterbauernhof-online.de\/wp-content\/uploads\/2014\/06\/Bachlauf-300x77.jpg 300w, https:\/\/hinterbauernhof-online.de\/wp-content\/uploads\/2014\/06\/Bachlauf-700x181.jpg 700w\" sizes=\"(max-width: 1000px) 100vw, 1000px\" \/><\/p>\n<ul>\n<li>Buchenbach\/Wagensteig: Schmiedsh\u00e4usle Ponyreiten f\u00fcr Kinder<\/li>\n<li>Feldberg: Wandern, Skifahren<\/li>\n<li>St. M\u00e4rgen: Nordic-Walking, Wandern, Naturfreibad, Langlaufspur, Uhrenmuseum<\/li>\n<li>Oberried: Steinwasenpark, beliebter Freizeitpark im Schwarzwald<\/li>\n<li>Schluchsee: Herrlicher Stau-See zum Schwimmen und Boot fahren<\/li>\n<li>Titisee: Bekannter Touristen-Ort<br \/>\nJetzt auch mit riesigem Badeparadies f\u00fcr jede Jahreszeit<\/li>\n<li>Rust: Europa-Park, die Attraktion f\u00fcr Jung und Alt<\/li>\n<li>St. Peter: Hallenbad, Wandern<\/li>\n<li>Kirchzarten: Freibad, Minigolf<\/li>\n<li>Freiburg: Falls Sie zwischendurch mal Stadtluft schnuppern wollen :-)<\/li>\n<li>Schnell sind Sie auch im Elsass, in Basel und der Schweiz<\/li>\n<\/ul>\n<p>Falls Sie weitere Ausflugtipps oder Ideen zur Freizeit-Gestaltung w\u00fcnschen, helfen wir Ihnen gerne weiter.<\/p>\n","protected":false},"excerpt":{"rendered":"<p>Buchenbach\/Wagensteig: Schmiedsh\u00e4usle Ponyreiten f\u00fcr Kinder Feldberg: Wandern, Skifahren St. M\u00e4rgen: Nordic-Walking, Wandern, Naturfreibad, Langlaufspur, Uhrenmuseum Oberried: Steinwasenpark, beliebter Freizeitpark im Schwarzwald Schluchsee: Herrlicher Stau-See zum Schwimmen und Boot fahren Titisee: Bekannter Touristen-Ort Jetzt auch mit riesigem Badeparadies f\u00fcr jede Jahreszeit Rust: Europa-Park, die Attraktion f\u00fcr Jung und Alt St. Peter: Hallenbad, Wandern Kirchzarten: Freibad, Minigolf &hellip; <a href=\"https:\/\/hinterbauernhof-online.de\/?page_id=9\" class=\"more-link\"><span class=\"screen-reader-text\">Ausflugsziele<\/span> weiterlesen <span class=\"meta-nav\">&rarr;<\/span><\/a><\/p>\n","protected":false},"author":1,"featured_media":0,"parent":0,"menu_order":0,"comment_status":"closed","ping_status":"closed","template":"","meta":[],"_links":{"self":[{"href":"https:\/\/hinterbauernhof-online.de\/index.php?rest_route=\/wp\/v2\/pages\/9"}],"collection":[{"href":"https:\/\/hinterbauernhof-online.de\/index.php?rest_route=\/wp\/v2\/pages"}],"about":[{"href":"https:\/\/hinterbauernhof-online.de\/index.php?rest_route=\/wp\/v2\/types\/page"}],"author":[{"embeddable":true,"href":"https:\/\/hinterbauernhof-online.de\/index.php?rest_route=\/wp\/v2\/users\/1"}],"replies":[{"embeddable":true,"href":"https:\/\/hinterbauernhof-online.de\/index.php?rest_route=%2Fwp%2Fv2%2Fcomments&post=9"}],"version-history":[{"count":8,"href":"https:\/\/hinterbauernhof-online.de\/index.php?rest_route=\/wp\/v2\/pages\/9\/revisions"}],"predecessor-version":[{"id":164,"href":"https:\/\/hinterbauernhof-online.de\/index.php?rest_route=\/wp\/v2\/pages\/9\/revisions\/164"}],"wp:attachment":[{"href":"https:\/\/hinterbauernhof-online.de\/index.php?rest_route=%2Fwp%2Fv2%2Fmedia&parent=9"}],"curies":[{"name":"wp","href":"https:\/\/api.w.org\/{rel}","templated":true}]}}